{"id":2913,"date":"2022-11-23T07:07:32","date_gmt":"2022-11-23T07:07:32","guid":{"rendered":"https:\/\/anjamai.com\/?page_id=2913"},"modified":"2024-09-22T10:51:08","modified_gmt":"2024-09-22T10:51:08","slug":"ueber-mich","status":"publish","type":"page","link":"https:\/\/anjamai.com\/en\/ueber-mich\/","title":{"rendered":"About Me"},"content":{"rendered":"<p>[et_pb_section fb_built=&#8220;1&#8243; custom_padding_last_edited=&#8220;on|desktop&#8220; _builder_version=&#8220;4.19.4&#8243; _module_preset=&#8220;default&#8220; use_background_color_gradient=&#8220;on&#8220; background_color_gradient_direction=&#8220;1deg&#8220; background_color_gradient_stops=&#8220;#c0e1e5 0%|#81c2cb 99%&#8220; background_enable_image=&#8220;off&#8220; background_size=&#8220;initial&#8220; background_position=&#8220;bottom_right&#8220; custom_margin=&#8220;||||false|false&#8220; custom_padding=&#8220;200px||150px||false|false&#8220; custom_padding_tablet=&#8220;200px||80px||false|false&#8220; custom_padding_phone=&#8220;200px||50px||false|false&#8220; global_colors_info=&#8220;{}&#8220;][et_pb_row _builder_version=&#8220;4.27.0&#8243; _module_preset=&#8220;default&#8220; custom_margin=&#8220;50px||||false|false&#8220; animation_style=&#8220;slide&#8220; animation_direction=&#8220;bottom&#8220; animation_intensity_slide=&#8220;2%&#8220; global_colors_info=&#8220;{}&#8220;][et_pb_column type=&#8220;4_4&#8243; _builder_version=&#8220;4.19.1&#8243; _module_preset=&#8220;default&#8220; global_colors_info=&#8220;{}&#8220;][et_pb_text _builder_version=&#8220;4.19.2&#8243; _module_preset=&#8220;default&#8220; custom_margin=&#8220;||40px||false|false&#8220; custom_padding=&#8220;||0px||false|false&#8220; global_colors_info=&#8220;{}&#8220;]<\/p>\n<h1>About Me<\/h1>\n<p>[\/et_pb_text][et_pb_image src=&#8220;https:\/\/anjamai.com\/wp-content\/uploads\/2024\/08\/Anja-Mai_Portrait.jpg&#8220; alt=&#8220;Anja Mai &#8211; Heilpraktikerin und Coach \u2013 Portrait&#8220; title_text=&#8220;Anja Mai_Portrait&#8220; align=&#8220;center&#8220; _builder_version=&#8220;4.27.0&#8243; _module_preset=&#8220;default&#8220; max_width=&#8220;650px&#8220; custom_margin=&#8220;||100px||false|false&#8220; custom_margin_tablet=&#8220;||80px||false|false&#8220; custom_margin_phone=&#8220;||50px||false|false&#8220; custom_margin_last_edited=&#8220;on|phone&#8220; animation_style=&#8220;slide&#8220; animation_direction=&#8220;bottom&#8220; animation_intensity_slide=&#8220;2%&#8220; global_colors_info=&#8220;{}&#8220;][\/et_pb_image][et_pb_text _builder_version=&#8220;4.27.0&#8243; _module_preset=&#8220;default&#8220; animation_style=&#8220;slide&#8220; animation_direction=&#8220;bottom&#8220; animation_intensity_slide=&#8220;2%&#8220; global_colors_info=&#8220;{}&#8220;]<\/p>\n<p>For much of my life, I was on a quest for fulfilment and inner peace.<\/p>\n<p>After graduating from school, I spent a year travelling the world with a backpack, then went to fashion school and trained as a seamstress before going to university and gaining a degree in translation.<\/p>\n<p>After my studies, I lived in Spain for almost ten years and worked successfully for many years in management positions in various industries.<\/p>\n<p>I worked day and night, a \u201824-hour mental marathon runner\u2019 with a subconscious drive to be perfect.<\/p>\n<p>I had recognition and money, but I wasn\u2019t happy and was always searching for my true purpose or calling.<\/p>\n<p>It was exhausting and I paid the price both physically and emotionally.<\/p>\n<p>When I look at my life today, I am infinitely grateful for the joy and inner calm I now feel deep within \u2013 regardless of what is happening around me.<\/p>\n<p>And for the fact that, as a non-medical practitioner and coach, I do a job that really fulfils me.<\/p>\n<p>I am deeply grateful to all the people who have helped me to find and follow my personal growth path through their teachings and methods. Without my own challenging times, I would not be the person I am today.<\/p>\n<p>And today I am a happily married woman who isn\u2019t just in a profession, but is truly living her calling.<\/p>\n<p>[\/et_pb_text][\/et_pb_column][\/et_pb_row][\/et_pb_section][et_pb_section fb_built=&#8220;1&#8243; custom_padding_last_edited=&#8220;on|tablet&#8220; _builder_version=&#8220;4.27.0&#8243; _module_preset=&#8220;default&#8220; use_background_color_gradient=&#8220;on&#8220; background_color_gradient_direction=&#8220;195deg&#8220; background_color_gradient_stops=&#8220;#e2b9c7 0%|#ffebf3 99%&#8220; background_enable_image=&#8220;off&#8220; background_size=&#8220;initial&#8220; background_position=&#8220;bottom_right&#8220; background_vertical_offset=&#8220;-13%&#8220; custom_padding=&#8220;120px||120px||true|false&#8220; custom_padding_tablet=&#8220;80px||80px||true|false&#8220; custom_padding_phone=&#8220;50px||50px||true|false&#8220; background_last_edited=&#8220;on|phone&#8220; background_vertical_offset_tablet=&#8220;-18%&#8220; global_colors_info=&#8220;{}&#8220;][et_pb_row _builder_version=&#8220;4.19.2&#8243; _module_preset=&#8220;default&#8220; animation_style=&#8220;slide&#8220; animation_direction=&#8220;bottom&#8220; animation_intensity_slide=&#8220;2%&#8220; global_colors_info=&#8220;{}&#8220;][et_pb_column type=&#8220;4_4&#8243; _builder_version=&#8220;4.19.2&#8243; _module_preset=&#8220;default&#8220; global_colors_info=&#8220;{}&#8220;][et_pb_text _builder_version=&#8220;4.19.2&#8243; _module_preset=&#8220;default&#8220; text_orientation=&#8220;center&#8220; global_colors_info=&#8220;{}&#8220;]<\/p>\n<p>My core principles<\/p>\n<p>[\/et_pb_text][et_pb_text _builder_version=&#8220;4.19.2&#8243; _module_preset=&#8220;default&#8220; text_orientation=&#8220;center&#8220; custom_margin=&#8220;50px||50px||true|false&#8220; custom_margin_tablet=&#8220;40px||40px||true|false&#8220; custom_margin_phone=&#8220;30px||30px||true|false&#8220; custom_margin_last_edited=&#8220;on|phone&#8220; custom_padding=&#8220;0px||0px||true|false&#8220; global_colors_info=&#8220;{}&#8220;]<\/p>\n<h4>Everyone has the ability to change, and anything is possible.<\/h4>\n<p>[\/et_pb_text][et_pb_text _builder_version=&#8220;4.19.4&#8243; _module_preset=&#8220;default&#8220; text_orientation=&#8220;center&#8220; global_colors_info=&#8220;{}&#8220;]<\/p>\n<p>We are all the experts of our own lives, with the answers and resources we need already within us. To live a self-determined life, you must take responsibility for your thoughts and actions.<\/p>\n<p>[\/et_pb_text][\/et_pb_column][\/et_pb_row][\/et_pb_section][et_pb_section fb_built=&#8220;1&#8243; custom_padding_last_edited=&#8220;on|phone&#8220; _builder_version=&#8220;4.19.2&#8243; _module_preset=&#8220;default&#8220; custom_padding=&#8220;120px||120px||true|false&#8220; custom_padding_tablet=&#8220;80px||80px||true|false&#8220; custom_padding_phone=&#8220;50px||50px||true|false&#8220; global_colors_info=&#8220;{}&#8220;][et_pb_row _builder_version=&#8220;4.19.2&#8243; _module_preset=&#8220;default&#8220; custom_padding=&#8220;0px||0px||true|false&#8220; global_colors_info=&#8220;{}&#8220;][et_pb_column type=&#8220;4_4&#8243; _builder_version=&#8220;4.19.2&#8243; _module_preset=&#8220;default&#8220; global_colors_info=&#8220;{}&#8220;][et_pb_text _builder_version=&#8220;4.19.2&#8243; _module_preset=&#8220;default&#8220; animation_style=&#8220;slide&#8220; animation_direction=&#8220;bottom&#8220; animation_intensity_slide=&#8220;2%&#8220; global_colors_info=&#8220;{}&#8220;]<\/p>\n<h2>Qualifications<\/h2>\n<p>[\/et_pb_text][et_pb_text module_class=&#8220;qualification&#8220; _builder_version=&#8220;4.27.0&#8243; _module_preset=&#8220;default&#8220; ul_line_height=&#8220;1.4em&#8220; custom_padding=&#8220;0px||0px||true|false&#8220; animation_style=&#8220;slide&#8220; animation_direction=&#8220;bottom&#8220; animation_intensity_slide=&#8220;2%&#8220; global_colors_info=&#8220;{}&#8220;]<\/p>\n<p><strong>NON-MEDICAL-PRACTITIONER<\/strong><\/p>\n<p><strong>HORMONE COACH<\/strong><br \/>Training and certification by Dr Berndt Rieger <br \/>Continuous further and advanced training: specialist training at the Isolde Richter Heilpraktiker- und Therapeutenschule, at \u00b4Hormonselbsthilfe\u00b4, at biovis Diagnostik MVZ, and at online conferences; further training as a hormone practitioner with Dr Berndt Rieger<\/p>\n<p><strong>GUT HEALTH<\/strong><br \/>Seminars and training courses at biovis Diagnostik MVZ\/IMD Berlin MVZ\/online conferences<\/p>\n<p><strong>CERTIFIED ENERGY CODES COACH<\/strong><br \/>Coaching training and certification by Dr Sue Morter\/Morter Institute USA<\/p>\n<p><strong>CERTIFIED INSPIRATIONAL COACH ONLINE<\/strong><br \/>Coaching training and certification by Christina Grahn-Hommelsheim and Walter Hommelsheim<\/p>\n<p><strong>CERTIFIED B.E.S.T. PRACTITIONER (BIO-ENERGETIC SYNCHRONISATION TECHNIQUE)<\/strong><br \/>Training and certification by Morter Health Systems\/USA<\/p>\n<p><strong>ALMOST 30 YEARS OF EXPERIENCE IN ENERGY WORK, MEDITATION, AND YOGA<\/strong><\/p>\n<p><strong>20 YEARS OF PROFESSIONAL EXPERIENCE IN LEADERSHIP POSITIONS IN VARIOUS FIELDS AND INDUSTRIES<\/strong><\/p>\n<p><strong>CERTIFIED TRANSLATOR (UNIVERSITY OF APPLIED SCIENCES)<\/strong> for English and Spanish<\/p>\n<p>[\/et_pb_text][\/et_pb_column][\/et_pb_row][\/et_pb_section][et_pb_section fb_built=&#8220;1&#8243; custom_padding_last_edited=&#8220;on|desktop&#8220; _builder_version=&#8220;4.19.2&#8243; _module_preset=&#8220;default&#8220; background_color=&#8220;#fbf9f8&#8243; custom_padding=&#8220;120px||120px||true|false&#8220; custom_padding_tablet=&#8220;80px||80px||true|false&#8220; custom_padding_phone=&#8220;50px||75px||false|false&#8220; global_colors_info=&#8220;{}&#8220;][et_pb_row _builder_version=&#8220;4.19.2&#8243; _module_preset=&#8220;default&#8220; custom_padding=&#8220;0px||0px||true|false&#8220; animation_style=&#8220;slide&#8220; animation_direction=&#8220;bottom&#8220; animation_intensity_slide=&#8220;2%&#8220; global_colors_info=&#8220;{}&#8220;][et_pb_column type=&#8220;4_4&#8243; _builder_version=&#8220;4.19.1&#8243; _module_preset=&#8220;default&#8220; global_colors_info=&#8220;{}&#8220;][et_pb_text _builder_version=&#8220;4.19.2&#8243; _module_preset=&#8220;default&#8220; header_text_align=&#8220;right&#8220; header_2_text_align=&#8220;center&#8220; header_2_text_color=&#8220;#286871&#8243; custom_margin=&#8220;||30px||false|false&#8220; custom_padding=&#8220;0px||0px||true|false&#8220; global_colors_info=&#8220;{}&#8220;]<\/p>\n<h2>Everything starts with a conversation<\/h2>\n<p>[\/et_pb_text][et_pb_text _builder_version=&#8220;4.27.0&#8243; _module_preset=&#8220;default&#8220; text_text_color=&#8220;#286871&#8243; text_orientation=&#8220;center&#8220; custom_margin=&#8220;||50px||false|false&#8220; custom_padding=&#8220;0px||0px||true|false&#8220; hover_enabled=&#8220;0&#8243; global_colors_info=&#8220;{}&#8220; sticky_enabled=&#8220;0&#8243;]<\/p>\n<p>If you would like to find out more about how I work and how I can support you on your personal path to greater happiness, health, and success, arrange a free 20-minute telephone consultation here.<\/p>\n<p>[\/et_pb_text][\/et_pb_column][\/et_pb_row][et_pb_row _builder_version=&#8220;4.19.1&#8243; _module_preset=&#8220;default&#8220; custom_padding=&#8220;0px||0px||true|false&#8220; global_colors_info=&#8220;{}&#8220;][et_pb_column type=&#8220;4_4&#8243; _builder_version=&#8220;4.19.1&#8243; _module_preset=&#8220;default&#8220; global_colors_info=&#8220;{}&#8220;][et_pb_button button_url=&#8220;@ET-DC@eyJkeW5hbWljIjp0cnVlLCJjb250ZW50IjoicG9zdF9saW5rX3VybF9wYWdlIiwic2V0dGluZ3MiOnsicG9zdF9pZCI6IjI5MDQifX0=@&#8220; button_text=&#8220;Kontakt&#8220; button_alignment=&#8220;center&#8220; module_class=&#8220;button-classic&#8220; _builder_version=&#8220;4.19.2&#8243; _dynamic_attributes=&#8220;button_url&#8220; _module_preset=&#8220;default&#8220; custom_button=&#8220;on&#8220; button_text_size=&#8220;20px&#8220; button_text_color=&#8220;#286871&#8243; button_bg_color=&#8220;RGBA(255,255,255,0)&#8220; button_border_width=&#8220;0.5px&#8220; button_border_color=&#8220;#286871&#8243; button_border_radius=&#8220;50px&#8220; button_font=&#8220;|||on|||||&#8220; button_use_icon=&#8220;off&#8220; custom_padding=&#8220;5px|20px|5px|20px|true|true&#8220; animation_style=&#8220;slide&#8220; animation_direction=&#8220;bottom&#8220; animation_intensity_slide=&#8220;2%&#8220; global_colors_info=&#8220;{}&#8220; button_text_size__hover_enabled=&#8220;on|hover&#8220; button_text_size__hover=&#8220;20px&#8220; custom_css_main_element_last_edited=&#8220;on|phone&#8220; custom_css_main_element_phone=&#8220;width: 100%;||text-align: center;&#8220;][\/et_pb_button][\/et_pb_column][\/et_pb_row][\/et_pb_section]<\/p>","protected":false},"excerpt":{"rendered":"<p>\u00dcber michLange Zeit meines Lebens war gepr\u00e4gt von der Suche nach Erf\u00fcllung und innerer Ruhe. Ich bin nach meinem Abitur ein Jahr mit einem Rucksack durch die Welt gereist, habe dann eine Modeschule und Ausbildung zur Schneiderin gemacht, danach studiert und ein Diplom als \u00dcbersetzerin erworben. Nach meinem Studium habe ich fast 10 Jahre in [&hellip;]<\/p>","protected":false},"author":1,"featured_media":0,"parent":0,"menu_order":5,"comment_status":"closed","ping_status":"closed","template":"","meta":{"_et_pb_use_builder":"on","_et_pb_old_content":"","_et_gb_content_width":"","footnotes":""},"class_list":["post-2913","page","type-page","status-publish","hentry"],"yoast_head":"<!-- This site is optimized with the Yoast SEO plugin v26.7 - https:\/\/yoast.com\/wordpress\/plugins\/seo\/ -->\n<title>Anja Mai - \u00dcber mich<\/title>\n<meta name=\"description\" content=\"Mein fr\u00fcheres Lebens war gepr\u00e4gt von der Suche nach Erf\u00fcllung. Ich bin dankbar, dass ich als Heilpraktikerin und Coach eine erf\u00fcllende T\u00e4tigkeit aus\u00fcbe.\" \/>\n<meta name=\"robots\" content=\"index, follow, max-snippet:-1, max-image-preview:large, max-video-preview:-1\" \/>\n<link rel=\"canonical\" href=\"https:\/\/anjamai.com\/en\/ueber-mich\/\" \/>\n<meta property=\"og:locale\" content=\"en_GB\" \/>\n<meta property=\"og:type\" content=\"article\" \/>\n<meta property=\"og:title\" content=\"Anja Mai - \u00dcber mich\" \/>\n<meta property=\"og:description\" content=\"Mein fr\u00fcheres Lebens war gepr\u00e4gt von der Suche nach Erf\u00fcllung. Ich bin dankbar, dass ich als Heilpraktikerin und Coach eine erf\u00fcllende T\u00e4tigkeit aus\u00fcbe.\" \/>\n<meta property=\"og:url\" content=\"https:\/\/anjamai.com\/en\/ueber-mich\/\" \/>\n<meta property=\"og:site_name\" content=\"Anja Mai\" \/>\n<meta property=\"article:modified_time\" content=\"2024-09-22T10:51:08+00:00\" \/>\n<meta name=\"twitter:card\" content=\"summary_large_image\" \/>\n<meta name=\"twitter:label1\" content=\"Estimated reading time\" \/>\n\t<meta name=\"twitter:data1\" content=\"4 minutes\" \/>\n<script type=\"application\/ld+json\" class=\"yoast-schema-graph\">{\"@context\":\"https:\/\/schema.org\",\"@graph\":[{\"@type\":\"WebPage\",\"@id\":\"https:\/\/anjamai.com\/ueber-mich\/\",\"url\":\"https:\/\/anjamai.com\/ueber-mich\/\",\"name\":\"Anja Mai - \u00dcber mich\",\"isPartOf\":{\"@id\":\"https:\/\/anjamai.com\/#website\"},\"datePublished\":\"2022-11-23T07:07:32+00:00\",\"dateModified\":\"2024-09-22T10:51:08+00:00\",\"description\":\"Mein fr\u00fcheres Lebens war gepr\u00e4gt von der Suche nach Erf\u00fcllung. Ich bin dankbar, dass ich als Heilpraktikerin und Coach eine erf\u00fcllende T\u00e4tigkeit aus\u00fcbe.\",\"breadcrumb\":{\"@id\":\"https:\/\/anjamai.com\/ueber-mich\/#breadcrumb\"},\"inLanguage\":\"en-GB\",\"potentialAction\":[{\"@type\":\"ReadAction\",\"target\":[\"https:\/\/anjamai.com\/ueber-mich\/\"]}]},{\"@type\":\"BreadcrumbList\",\"@id\":\"https:\/\/anjamai.com\/ueber-mich\/#breadcrumb\",\"itemListElement\":[{\"@type\":\"ListItem\",\"position\":1,\"name\":\"Startseite\",\"item\":\"https:\/\/anjamai.com\/\"},{\"@type\":\"ListItem\",\"position\":2,\"name\":\"\u00dcber mich\"}]},{\"@type\":\"WebSite\",\"@id\":\"https:\/\/anjamai.com\/#website\",\"url\":\"https:\/\/anjamai.com\/\",\"name\":\"Anja Mai\",\"description\":\"Heilpraktikerin und Coach\",\"publisher\":{\"@id\":\"https:\/\/anjamai.com\/#\/schema\/person\/4b4cac332dc0fa0cd77182caea9590aa\"},\"potentialAction\":[{\"@type\":\"SearchAction\",\"target\":{\"@type\":\"EntryPoint\",\"urlTemplate\":\"https:\/\/anjamai.com\/?s={search_term_string}\"},\"query-input\":{\"@type\":\"PropertyValueSpecification\",\"valueRequired\":true,\"valueName\":\"search_term_string\"}}],\"inLanguage\":\"en-GB\"},{\"@type\":[\"Person\",\"Organization\"],\"@id\":\"https:\/\/anjamai.com\/#\/schema\/person\/4b4cac332dc0fa0cd77182caea9590aa\",\"name\":\"Anja Mai\",\"image\":{\"@type\":\"ImageObject\",\"inLanguage\":\"en-GB\",\"@id\":\"https:\/\/anjamai.com\/#\/schema\/person\/image\/\",\"url\":\"https:\/\/anjamai.com\/wp-content\/uploads\/2022\/11\/AnjaMai_Logo_mitSubline.png\",\"contentUrl\":\"https:\/\/anjamai.com\/wp-content\/uploads\/2022\/11\/AnjaMai_Logo_mitSubline.png\",\"width\":1006,\"height\":965,\"caption\":\"Anja Mai\"},\"logo\":{\"@id\":\"https:\/\/anjamai.com\/#\/schema\/person\/image\/\"},\"sameAs\":[\"https:\/\/anjamai.com\"]}]}<\/script>\n<!-- \/ Yoast SEO plugin. -->","yoast_head_json":{"title":"Anja Mai - \u00dcber mich","description":"Mein fr\u00fcheres Lebens war gepr\u00e4gt von der Suche nach Erf\u00fcllung. Ich bin dankbar, dass ich als Heilpraktikerin und Coach eine erf\u00fcllende T\u00e4tigkeit aus\u00fcbe.","robots":{"index":"index","follow":"follow","max-snippet":"max-snippet:-1","max-image-preview":"max-image-preview:large","max-video-preview":"max-video-preview:-1"},"canonical":"https:\/\/anjamai.com\/en\/ueber-mich\/","og_locale":"en_GB","og_type":"article","og_title":"Anja Mai - \u00dcber mich","og_description":"Mein fr\u00fcheres Lebens war gepr\u00e4gt von der Suche nach Erf\u00fcllung. Ich bin dankbar, dass ich als Heilpraktikerin und Coach eine erf\u00fcllende T\u00e4tigkeit aus\u00fcbe.","og_url":"https:\/\/anjamai.com\/en\/ueber-mich\/","og_site_name":"Anja Mai","article_modified_time":"2024-09-22T10:51:08+00:00","twitter_card":"summary_large_image","twitter_misc":{"Estimated reading time":"4 minutes"},"schema":{"@context":"https:\/\/schema.org","@graph":[{"@type":"WebPage","@id":"https:\/\/anjamai.com\/ueber-mich\/","url":"https:\/\/anjamai.com\/ueber-mich\/","name":"Anja Mai - \u00dcber mich","isPartOf":{"@id":"https:\/\/anjamai.com\/#website"},"datePublished":"2022-11-23T07:07:32+00:00","dateModified":"2024-09-22T10:51:08+00:00","description":"Mein fr\u00fcheres Lebens war gepr\u00e4gt von der Suche nach Erf\u00fcllung. Ich bin dankbar, dass ich als Heilpraktikerin und Coach eine erf\u00fcllende T\u00e4tigkeit aus\u00fcbe.","breadcrumb":{"@id":"https:\/\/anjamai.com\/ueber-mich\/#breadcrumb"},"inLanguage":"en-GB","potentialAction":[{"@type":"ReadAction","target":["https:\/\/anjamai.com\/ueber-mich\/"]}]},{"@type":"BreadcrumbList","@id":"https:\/\/anjamai.com\/ueber-mich\/#breadcrumb","itemListElement":[{"@type":"ListItem","position":1,"name":"Startseite","item":"https:\/\/anjamai.com\/"},{"@type":"ListItem","position":2,"name":"\u00dcber mich"}]},{"@type":"WebSite","@id":"https:\/\/anjamai.com\/#website","url":"https:\/\/anjamai.com\/","name":"Anja Mai","description":"Naturopath and Coach","publisher":{"@id":"https:\/\/anjamai.com\/#\/schema\/person\/4b4cac332dc0fa0cd77182caea9590aa"},"potentialAction":[{"@type":"SearchAction","target":{"@type":"EntryPoint","urlTemplate":"https:\/\/anjamai.com\/?s={search_term_string}"},"query-input":{"@type":"PropertyValueSpecification","valueRequired":true,"valueName":"search_term_string"}}],"inLanguage":"en-GB"},{"@type":["Person","Organization"],"@id":"https:\/\/anjamai.com\/#\/schema\/person\/4b4cac332dc0fa0cd77182caea9590aa","name":"Anja Mai","image":{"@type":"ImageObject","inLanguage":"en-GB","@id":"https:\/\/anjamai.com\/#\/schema\/person\/image\/","url":"https:\/\/anjamai.com\/wp-content\/uploads\/2022\/11\/AnjaMai_Logo_mitSubline.png","contentUrl":"https:\/\/anjamai.com\/wp-content\/uploads\/2022\/11\/AnjaMai_Logo_mitSubline.png","width":1006,"height":965,"caption":"Anja Mai"},"logo":{"@id":"https:\/\/anjamai.com\/#\/schema\/person\/image\/"},"sameAs":["https:\/\/anjamai.com"]}]}},"_links":{"self":[{"href":"https:\/\/anjamai.com\/en\/wp-json\/wp\/v2\/pages\/2913","targetHints":{"allow":["GET"]}}],"collection":[{"href":"https:\/\/anjamai.com\/en\/wp-json\/wp\/v2\/pages"}],"about":[{"href":"https:\/\/anjamai.com\/en\/wp-json\/wp\/v2\/types\/page"}],"author":[{"embeddable":true,"href":"https:\/\/anjamai.com\/en\/wp-json\/wp\/v2\/users\/1"}],"replies":[{"embeddable":true,"href":"https:\/\/anjamai.com\/en\/wp-json\/wp\/v2\/comments?post=2913"}],"version-history":[{"count":36,"href":"https:\/\/anjamai.com\/en\/wp-json\/wp\/v2\/pages\/2913\/revisions"}],"predecessor-version":[{"id":3871,"href":"https:\/\/anjamai.com\/en\/wp-json\/wp\/v2\/pages\/2913\/revisions\/3871"}],"wp:attachment":[{"href":"https:\/\/anjamai.com\/en\/wp-json\/wp\/v2\/media?parent=2913"}],"curies":[{"name":"wp","href":"https:\/\/api.w.org\/{rel}","templated":true}]}}